{"id":583,"date":"2020-04-09T13:09:00","date_gmt":"2020-04-09T06:09:00","guid":{"rendered":"http:\/\/mvdesign.vn\/?page_id=583"},"modified":"2024-07-07T07:35:17","modified_gmt":"2024-07-07T00:35:17","slug":"gioi-thieu","status":"publish","type":"page","link":"http:\/\/mvdesign.vn\/?page_id=583","title":{"rendered":"GI\u1edaI THI\u1ec6U"},"content":{"rendered":"\n<div class=\"wp-block-image\"><figure class=\"aligncenter size-large is-resized\"><img loading=\"lazy\" decoding=\"async\" src=\"http:\/\/mvdesign.vn\/wp-content\/uploads\/2020\/04\/banner-small-1024x406.jpg\" alt=\"\" class=\"wp-image-800\" width=\"1024\" height=\"406\" srcset=\"http:\/\/mvdesign.vn\/wp-content\/uploads\/2020\/04\/banner-small-1024x406.jpg 1024w, http:\/\/mvdesign.vn\/wp-content\/uploads\/2020\/04\/banner-small-300x119.jpg 300w, http:\/\/mvdesign.vn\/wp-content\/uploads\/2020\/04\/banner-small-768x305.jpg 768w, http:\/\/mvdesign.vn\/wp-content\/uploads\/2020\/04\/banner-small-1064x422.jpg 1064w, http:\/\/mvdesign.vn\/wp-content\/uploads\/2020\/04\/banner-small-716x284.jpg 716w, http:\/\/mvdesign.vn\/wp-content\/uploads\/2020\/04\/banner-small-480x190.jpg 480w, http:\/\/mvdesign.vn\/wp-content\/uploads\/2020\/04\/banner-small.jpg 1200w\" sizes=\"(max-width: 1024px) 100vw, 1024px\" \/><\/figure><\/div>\n\n\n\n<div class=\"wp-block-group\"><div class=\"wp-block-group__inner-container is-layout-flow wp-block-group-is-layout-flow\">\n<p class=\"has-text-align-center\" style=\"font-size:15px\">MV design l\u00e0 \u0111\u1ed9i ng\u0169 nh\u1eefng ki\u1ebfn tr\u00fac s\u01b0 t\u1ed1t nghi\u1ec7p tr\u01b0\u1eddng \u0110H Ki\u1ebfn Tr\u00fac H\u00e0 N\u1ed9i &amp; \u0110H X\u00e2y D\u1ef1ng H\u00e0 N\u1ed9i. V\u1edbi tri\u1ebft l\u00fd kh\u00f4ng gian lu\u00f4n l\u00e0 th\u1ee9 l\u00e0m n\u1ec1n cho c\u00e1c ho\u1ea1t \u0111\u1ed9ng c\u1ee7a con ng\u01b0\u1eddi, ch\u00fang t\u00f4i h\u01b0\u1edbng \u0111\u1ebfn nh\u1eefng thi\u1ebft k\u1ebf nh\u1eb9 nh\u00e0ng, nh\u1eefng y\u1ebfu t\u1ed1 th\u1ea9m m\u1ef9 c\u00f3 th\u1ec3 t\u1ed3n l\u1ea1i l\u00e2u d\u00e0i theo th\u1eddi gian, th\u1ec3 hi\u1ec7n th\u00f4ng qua c\u00e1c h\u1ea1ng m\u1ee5c nh\u00e0 \u1edf, chung c\u01b0, spa v\u00e0 c\u1eeda h\u00e0ng. Ch\u00fang t\u00f4i lu\u00f4n mong mu\u1ed1n \u0111\u01b0\u1ee3c ph\u1ee5c v\u1ee5 nh\u1eefng kh\u00e1ch h\u00e0ng \u0111\u1ec1 cao gi\u00e1 tr\u1ecb th\u1ea9m m\u1ef9 c\u0169ng nh\u01b0 s\u1ef1 r\u00f5 r\u00e0ng trong c\u00e1c m\u1ee5c ti\u00eau thi\u1ebft k\u1ebf.<br><strong>MV design<\/strong><\/p>\n<\/div><\/div>\n\n\n\n<p><\/p>\n","protected":false},"excerpt":{"rendered":"<p>MV design l\u00e0 \u0111\u1ed9i ng\u0169 nh\u1eefng ki\u1ebfn tr\u00fac s\u01b0 t\u1ed1t&#8230;<\/p>\n","protected":false},"author":1,"featured_media":0,"parent":0,"menu_order":0,"comment_status":"closed","ping_status":"closed","template":"","meta":{"footnotes":""},"_links":{"self":[{"href":"http:\/\/mvdesign.vn\/index.php?rest_route=\/wp\/v2\/pages\/583"}],"collection":[{"href":"http:\/\/mvdesign.vn\/index.php?rest_route=\/wp\/v2\/pages"}],"about":[{"href":"http:\/\/mvdesign.vn\/index.php?rest_route=\/wp\/v2\/types\/page"}],"author":[{"embeddable":true,"href":"http:\/\/mvdesign.vn\/index.php?rest_route=\/wp\/v2\/users\/1"}],"replies":[{"embeddable":true,"href":"http:\/\/mvdesign.vn\/index.php?rest_route=%2Fwp%2Fv2%2Fcomments&post=583"}],"version-history":[{"count":7,"href":"http:\/\/mvdesign.vn\/index.php?rest_route=\/wp\/v2\/pages\/583\/revisions"}],"predecessor-version":[{"id":927,"href":"http:\/\/mvdesign.vn\/index.php?rest_route=\/wp\/v2\/pages\/583\/revisions\/927"}],"wp:attachment":[{"href":"http:\/\/mvdesign.vn\/index.php?rest_route=%2Fwp%2Fv2%2Fmedia&parent=583"}],"curies":[{"name":"wp","href":"https:\/\/api.w.org\/{rel}","templated":true}]}}